{"id":4,"date":"2024-11-09T13:56:38","date_gmt":"2024-11-09T13:56:38","guid":{"rendered":"http:\/\/blog.felipematos.net\/home\/"},"modified":"2024-11-14T19:58:05","modified_gmt":"2024-11-14T22:58:05","slug":"%d8%a8%d9%8a%d8%aa","status":"publish","type":"page","link":"https:\/\/blog.felipematos.net\/ar\/home\/","title":{"rendered":"\u0628\u064a\u062a"},"content":{"rendered":"<section class=\"hts-section hts-hero\">\n    <div class=\"hts-hero-spacer\"><\/div>\n    <div class=\"hts-hero-content\">\n        <div class=\"hts-hero-image\">\n            <img decoding=\"async\" src=\"https:\/\/blog.felipematos.net\/wp-content\/themes\/hostinger-blog\/build\/images\/heroimage.jpeg\" alt=\"\u062e\u0644\u0641\u064a\u0629\" \/>\n        <\/div>\n        <div class=\"hts-hero-block\">\n            <div class=\"hts-hero-body\">\n                <div class=\"hts-hero-details\">\n                    <div>\n                        <h1>\u0639\u0646\u0648\u0627\u0646<\/h1>\n                        <p>\u0644\u0648\u0631\u064a\u0645 \u0625\u064a\u0628\u0633\u0648\u0645 \u0623\u0644\u0645 \u0633\u064a\u062a \u0623\u0645\u064a\u062a\u060c \u0643\u0648\u0646\u0633\u064a\u0643\u062a\u064a\u062a\u0648\u0631 \u0623\u062f\u064a\u0628\u064a\u0633\u064a\u0646\u062c \u0625\u0644\u064a\u062a.<\/p>\n                        <a href=\"https:\/\/blog.felipematos.net\/ar\/home\/\" class=\"btn primary\" >\u0627\u0642\u0631\u0623 \u0627\u0644\u0645\u0632\u064a\u062f<\/a>\n                    <\/div>\n                    <div class=\"hts-hero-body-image\">\n                        <img decoding=\"async\" src=\"https:\/\/blog.felipematos.net\/wp-content\/themes\/hostinger-blog\/build\/images\/heroimage.jpeg\" alt=\"\u062e\u0644\u0641\u064a\u0629\" \/>\n                    <\/div>\n                    <div class=\"hts-hero-footer\">\n                        <div class=\"hts-social\">\n                                                                                    <a href=\"https:\/\/felipematos.net\" target=\"_blank\">\n                                <img decoding=\"async\" class=\"light\" src=\"https:\/\/blog.felipematos.net\/wp-content\/themes\/hostinger-blog\/build\/images\/instagram.svg\"\n                                    alt=\"\u0627\u0646\u0633\u062a\u062c\u0631\u0627\u0645\" \/>\n                                <img decoding=\"async\" class=\"dark\"\n                                    src=\"https:\/\/blog.felipematos.net\/wp-content\/themes\/hostinger-blog\/build\/images\/instagram-dark.svg\"\n                                    alt=\"\u0627\u0646\u0633\u062a\u062c\u0631\u0627\u0645\" \/>\n                                <img decoding=\"async\" class=\"mono\"\n                                    src=\"https:\/\/blog.felipematos.net\/wp-content\/themes\/hostinger-blog\/build\/images\/instagram-mono.svg\"\n                                    alt=\"\u0627\u0646\u0633\u062a\u062c\u0631\u0627\u0645\" \/>\n                            <\/a>\n                                                                                    <a href=\"https:\/\/twitter.com\/felipematos\" target=\"_blank\">\n                                <img decoding=\"async\" class=\"light\" src=\"https:\/\/blog.felipematos.net\/wp-content\/themes\/hostinger-blog\/build\/images\/twitter.svg\"\n                                    alt=\"\u062a\u063a\u0631\u064a\u062f\" \/>\n                                <img decoding=\"async\" class=\"dark\" src=\"https:\/\/blog.felipematos.net\/wp-content\/themes\/hostinger-blog\/build\/images\/twitter-dark.svg\"\n                                    alt=\"\u062a\u063a\u0631\u064a\u062f\" \/>\n                                <img decoding=\"async\" class=\"mono\" src=\"https:\/\/blog.felipematos.net\/wp-content\/themes\/hostinger-blog\/build\/images\/twitter-mono.svg\"\n                                    alt=\"\u062a\u063a\u0631\u064a\u062f\" \/>\n                            <\/a>\n                                                                                    <a href=\"https:\/\/www.youtube.com\/@FelipeMatosStartup\" target=\"_blank\">\n                                <img decoding=\"async\" class=\"light\" src=\"https:\/\/blog.felipematos.net\/wp-content\/themes\/hostinger-blog\/build\/images\/youtube.svg\"\n                                    alt=\"\u064a\u0648\u062a\u064a\u0648\u0628\" \/>\n                                <img decoding=\"async\" class=\"dark\" src=\"https:\/\/blog.felipematos.net\/wp-content\/themes\/hostinger-blog\/build\/images\/youtube-dark.svg\"\n                                    alt=\"\u064a\u0648\u062a\u064a\u0648\u0628\" \/>\n                                <img decoding=\"async\" class=\"mono\" src=\"https:\/\/blog.felipematos.net\/wp-content\/themes\/hostinger-blog\/build\/images\/youtube-mono.svg\"\n                                    alt=\"\u064a\u0648\u062a\u064a\u0648\u0628\" \/>\n                            <\/a>\n                                                    <\/div>\n                        <p class=\"hts-title\">\u0627\u0644\u062a\u0631\u062c\u0645\u0629 \u0627\u0644\u0641\u0631\u0639\u064a\u0629<\/p>\n                    <\/div>\n                <\/div>\n            <\/div>\n        <\/div>\n    <\/div>\n<\/section><section class=\"hts-section hts-no-border hts-posts hts-featured-post-wrapper\">\n    <div>\n                <div class=\"hts-posts-header\">\n            <h2 class=\"hts-title\">\u0645\u0646\u0634\u0648\u0631 \u0645\u0645\u064a\u0632<\/h2>\n        <\/div>\n                <div class=\"hts-featured-post\">\n            <!-- Post -->\n            <div class=\"hts-post\">\n                <div class=\"hts-image-wrapper\">\n                                        <a href=\"https:\/\/blog.felipematos.net\/ar\/panorama-da-ia-no-brasil-entre-o-medo-de-substituicao-e-a-corrida-pela-adaptacao\/\" class=\"hts-featured-post-link\">\n                        <img decoding=\"async\" src=\"https:\/\/blog.felipematos.net\/wp-content\/uploads\/2025\/04\/S20Un6c8DVB2-LjmBjzBr_03ee061ee5f7478186c190c6f6fb0a8d.png\" alt=\"\u0645\u0645\u064a\u0632\">\n                    <\/a>\n                                                        <\/div>\n                <div class=\"hts-post-details\">\n                    <div class=\"hts-posts-body-header\">\n                        <h2 class=\"hts-title\">\u0645\u0646\u0634\u0648\u0631 \u0645\u0645\u064a\u0632<\/h2>\n                    <\/div>\n                    <div class=\"hts-capsules\">\n                                                                                                                        <a href=\"https:\/\/blog.felipematos.net\/ar\/category\/inteligencia-artificial\/\">\n                            <div>\u0627\u0644\u0630\u0643\u0627\u0621 \u0627\u0644\u0627\u0635\u0637\u0646\u0627\u0639\u064a<\/div>\n                        <\/a>\n                                                                                            <\/div>\n                                        <a href=\"https:\/\/blog.felipematos.net\/ar\/panorama-da-ia-no-brasil-entre-o-medo-de-substituicao-e-a-corrida-pela-adaptacao\/\">\n                        <h3 class=\"hts-title\">\u0628\u0627\u0646\u0648\u0631\u0627\u0645\u0627 \u0627\u0644\u0630\u0643\u0627\u0621 \u0627\u0644\u0627\u0635\u0637\u0646\u0627\u0639\u064a \u0641\u064a \u0627\u0644\u0628\u0631\u0627\u0632\u064a\u0644: \u0628\u064a\u0646 \u0627\u0644\u062e\u0648\u0641 \u0645\u0646 \u0627\u0644\u0627\u0633\u062a\u0628\u062f\u0627\u0644 \u0648\u0627\u0644\u0633\u0628\u0627\u0642 \u0646\u062d\u0648 \u0627\u0644\u062a\u0643\u064a\u0641<\/h3>\n                    <\/a>\n                                                            <p class=\"small\">\u0627\u0644\u062e\u0645\u064a\u0633 17 \u0623\u063a\u0633\u0637\u0633 2025 | \u0628\u0648\u0627\u0633\u0637\u0629 \u0645\u0627\u062a\u0648\u0633 \u0623\u064a\u0647 \u0622\u064a<\/p>\n                                    <\/div>\n            <\/div>\n        <\/div>\n    <\/div>\n<\/section><section class=\"hts-section hts-posts\">\n    <hr class=\"full\">\n    <div>\n        <div class=\"hts-posts-header\">\n            <h2 class=\"hts-title\">\u0623\u062d\u062f\u062b \u0627\u0644\u0645\u0634\u0627\u0631\u0643\u0627\u062a<\/h2>\n            <a href=\"https:\/\/blog.felipematos.net\/ar\" class=\"hts-posts-action\">\n                <p>\u0639\u0631\u0636 \u0627\u0644\u0643\u0644<\/p>\n                <img decoding=\"async\" src=\"https:\/\/blog.felipematos.net\/wp-content\/themes\/hostinger-blog\/build\/images\/icon-arrow-right.svg\" alt=\"\u0639\u0631\u0636 \u0627\u0644\u0643\u0644\">\n            <\/a>\n        <\/div>\n        <div class=\"hts-posts-list\">\n                        <div class=\"hts-post hts-large\">\n                                <div class=\"hts-image-wrapper\">\n                                        <a href=\"https:\/\/blog.felipematos.net\/ar\/openai-lanca-chatgpt-pro-deepseek-avanca-na-china-e-lula-retoma-governo-por-que-estas-24-horas-revelam-a-corrida-global-por-ia-acessivel-soberania-e-governanca-pratica\/\" class=\"hts-featured-post-link\">\n                        <img decoding=\"async\" src=\"https:\/\/blog.felipematos.net\/wp-content\/uploads\/2026\/03\/KbQKKievUt_jQWXsOpMEe_17ad82aad3c4423aa3874eb005be1c09.png\" alt=\"\u0645\u0645\u064a\u0632\">\n                    <\/a>\n                                                        <\/div>\n                <div class=\"hts-post-details\">\n                    <div class=\"hts-capsules\">\n                                                                                                                        <a href=\"https:\/\/blog.felipematos.net\/ar\/category\/inteligencia-artificial\/\">\n                            <div>\u0627\u0644\u0630\u0643\u0627\u0621 \u0627\u0644\u0627\u0635\u0637\u0646\u0627\u0639\u064a<\/div>\n                        <\/a>\n                                                                                            <\/div>\n                    <a href=\"https:\/\/blog.felipematos.net\/ar\/openai-lanca-chatgpt-pro-deepseek-avanca-na-china-e-lula-retoma-governo-por-que-estas-24-horas-revelam-a-corrida-global-por-ia-acessivel-soberania-e-governanca-pratica\/\">\n                        <h3 class=\"hts-title\">OpenAI Lan\u00e7a ChatGPT Pro, DeepSeek Avan\u00e7a na China e Lula Retoma Governo \u2014 Por Que Estas 24 Horas Revelam a Corrida Global Por IA Acess\u00edvel, Soberania e Governan\u00e7a Pr\u00e1tica<\/h3>\n                    <\/a>\n                                        <p class=\"small\">\u0645\u0627\u0631\u0633 30, 2026 | by Matos AI<\/p>\n                                    <\/div>\n            <\/div>\n                        <div class=\"hts-post\">\n                                <div class=\"hts-image-wrapper\">\n                                        <a href=\"https:\/\/blog.felipematos.net\/ar\/google-acusado-de-violar-proprias-politicas-de-ia-em-israel-enquanto-genie-3-assusta-mercado-de-games-por-que-estas-24-horas-revelam-a-tensao-entre-etica-declarada-e-execucao-real\/\" class=\"hts-featured-post-link\">\n                        <img decoding=\"async\" src=\"https:\/\/blog.felipematos.net\/wp-content\/uploads\/2026\/02\/3PbOOjxkB6mW7sZWQoNvu_31fd9291e843428e99baf8aba812056f.png\" alt=\"\u0645\u0645\u064a\u0632\">\n                    <\/a>\n                                                        <\/div>\n                <div class=\"hts-post-details\">\n                    <div class=\"hts-capsules\">\n                                                                                                                        <a href=\"https:\/\/blog.felipematos.net\/ar\/category\/inteligencia-artificial\/\">\n                            <div>\u0627\u0644\u0630\u0643\u0627\u0621 \u0627\u0644\u0627\u0635\u0637\u0646\u0627\u0639\u064a<\/div>\n                        <\/a>\n                                                                                            <\/div>\n                    <a href=\"https:\/\/blog.felipematos.net\/ar\/google-acusado-de-violar-proprias-politicas-de-ia-em-israel-enquanto-genie-3-assusta-mercado-de-games-por-que-estas-24-horas-revelam-a-tensao-entre-etica-declarada-e-execucao-real\/\">\n                        <h3 class=\"hts-title\">\u062c\u0648\u062c\u0644 \u0645\u062a\u0647\u0645\u0629 \u0628\u0627\u0646\u062a\u0647\u0627\u0643 \u0633\u064a\u0627\u0633\u0627\u062a\u0647\u0627 \u0627\u0644\u062e\u0627\u0635\u0629 \u0628\u0627\u0644\u0630\u0643\u0627\u0621 \u0627\u0644\u0627\u0635\u0637\u0646\u0627\u0639\u064a \u0641\u064a \u0625\u0633\u0631\u0627\u0626\u064a\u0644 \u0628\u064a\u0646\u0645\u0627 \u062a\u062e\u064a\u0641 \"\u062c\u064a\u0646\u064a 3\" \u0633\u0648\u0642 \u0627\u0644\u0623\u0644\u0639\u0627\u0628 - \u0644\u0645\u0627\u0630\u0627 \u062a\u0643\u0634\u0641 \u0647\u0630\u0647 \u0627\u0644\u0633\u0627\u0639\u0627\u062a \u0627\u0644\u0640 24 \u0633\u0627\u0639\u0629 \u0639\u0646 \u0627\u0644\u062a\u0648\u062a\u0631 \u0628\u064a\u0646 \u0627\u0644\u0623\u062e\u0644\u0627\u0642\u064a\u0627\u062a \u0627\u0644\u0645\u0639\u0644\u0646\u0629 \u0648\u0627\u0644\u062a\u0637\u0628\u064a\u0642 \u0627\u0644\u0641\u0639\u0644\u064a<\/h3>\n                    <\/a>\n                                        <p class=\"small\">| 2, 2026 | \u0628\u0648\u0627\u0633\u0637\u0629 \u0645\u0627\u062a\u0648\u0633 AI<\/p>\n                                    <\/div>\n            <\/div>\n                        <div class=\"hts-post\">\n                                <div class=\"hts-image-wrapper\">\n                                        <a href=\"https:\/\/blog.felipematos.net\/ar\/asml-registra-pedidos-recordes-de-us-1585-bilhoes-enquanto-youtube-usa-ia-para-estimar-idade-e-freelancers-perdem-90-dos-clientes-por-que-estas-24-horas-revelam-a-colisao-entre-gastos-robu\/\" class=\"hts-featured-post-link\">\n                        <img decoding=\"async\" src=\"https:\/\/blog.felipematos.net\/wp-content\/uploads\/2026\/01\/25-cWa338S5OCfoDtF6t1_344f645e4bba4c25a28d86699458ca5f.png\" alt=\"\u0645\u0645\u064a\u0632\">\n                    <\/a>\n                                                        <\/div>\n                <div class=\"hts-post-details\">\n                    <div class=\"hts-capsules\">\n                                                                                                                        <a href=\"https:\/\/blog.felipematos.net\/ar\/category\/inteligencia-artificial\/\">\n                            <div>\u0627\u0644\u0630\u0643\u0627\u0621 \u0627\u0644\u0627\u0635\u0637\u0646\u0627\u0639\u064a<\/div>\n                        <\/a>\n                                                                                            <\/div>\n                    <a href=\"https:\/\/blog.felipematos.net\/ar\/asml-registra-pedidos-recordes-de-us-1585-bilhoes-enquanto-youtube-usa-ia-para-estimar-idade-e-freelancers-perdem-90-dos-clientes-por-que-estas-24-horas-revelam-a-colisao-entre-gastos-robu\/\">\n                        <h3 class=\"hts-title\">ASML Registra Pedidos Recordes de US$ 15,85 Bilh\u00f5es Enquanto YouTube Usa IA Para Estimar Idade e Freelancers Perdem 90% dos Clientes \u2014 Por Que Estas 24 Horas Revelam a Colis\u00e3o Entre Gastos Robustos e Impacto Humano Real<\/h3>\n                    <\/a>\n                                        <p class=\"small\">\u064a\u0646\u0627\u064a\u0631 28, 2026 | by Matos AI<\/p>\n                                    <\/div>\n            <\/div>\n                        <div class=\"hts-post\">\n                                <div class=\"hts-image-wrapper\">\n                                        <a href=\"https:\/\/blog.felipematos.net\/ar\/ia-lidera-ranking-de-riscos-empresariais-no-brasil-enquanto-ibm-revela-que-80-dos-executivos-esperam-receita-sem-saber-de-onde-vira-por-que-estas-24-horas-expoem-a-lacuna-entre-ambicao-e-arq\/\" class=\"hts-featured-post-link\">\n                        <img decoding=\"async\" src=\"https:\/\/blog.felipematos.net\/wp-content\/uploads\/2026\/01\/ujOW9fXjBd9GvLSCpwK_ccf068d93cdc4c3392b2a1b07502c88d.png\" alt=\"\u0645\u0645\u064a\u0632\">\n                    <\/a>\n                                                        <\/div>\n                <div class=\"hts-post-details\">\n                    <div class=\"hts-capsules\">\n                                                                                                                        <a href=\"https:\/\/blog.felipematos.net\/ar\/category\/inteligencia-artificial\/\">\n                            <div>\u0627\u0644\u0630\u0643\u0627\u0621 \u0627\u0644\u0627\u0635\u0637\u0646\u0627\u0639\u064a<\/div>\n                        <\/a>\n                                                                                            <\/div>\n                    <a href=\"https:\/\/blog.felipematos.net\/ar\/ia-lidera-ranking-de-riscos-empresariais-no-brasil-enquanto-ibm-revela-que-80-dos-executivos-esperam-receita-sem-saber-de-onde-vira-por-que-estas-24-horas-expoem-a-lacuna-entre-ambicao-e-arq\/\">\n                        <h3 class=\"hts-title\">\u0627\u0644\u0630\u0643\u0627\u0621 \u0627\u0644\u0627\u0635\u0637\u0646\u0627\u0639\u064a \u064a\u062a\u0635\u062f\u0631 \u062a\u0635\u0646\u064a\u0641 \u0627\u0644\u0645\u062e\u0627\u0637\u0631 \u0627\u0644\u0645\u0624\u0633\u0633\u064a\u0629 \u0641\u064a \u0627\u0644\u0628\u0631\u0627\u0632\u064a\u0644 \u0628\u064a\u0646\u0645\u0627 \u062a\u0643\u0634\u0641 \u0634\u0631\u0643\u0629 IBM \u0639\u0646 80% \u0639\u0646 \u062a\u0648\u0642\u0639\u0627\u062a \u0627\u0644\u0645\u062f\u064a\u0631\u064a\u0646 \u0627\u0644\u062a\u0646\u0641\u064a\u0630\u064a\u064a\u0646 \u0644\u0644\u0625\u064a\u0631\u0627\u062f\u0627\u062a \u062f\u0648\u0646 \u0645\u0639\u0631\u0641\u0629 \u0645\u0635\u062f\u0631\u0647\u0627 - \u0644\u0645\u0627\u0630\u0627 \u062a\u0643\u0634\u0641 \u0647\u0630\u0647 \u0627\u0644\u0633\u0627\u0639\u0627\u062a \u0627\u0644\u0640 24 \u0627\u0644\u0641\u062c\u0648\u0629 \u0628\u064a\u0646 \u0627\u0644\u0637\u0645\u0648\u062d \u0648\u0627\u0644\u0628\u0646\u064a\u0629 \u0627\u0644\u062d\u0642\u064a\u0642\u064a\u0629<\/h3>\n                    <\/a>\n                                        <p class=\"small\">\u064a\u0646\u0627\u064a\u0631 26, 2026 | \u0628\u0648\u0627\u0633\u0637\u0629 \u0645\u0627\u062a\u0648\u0633 AI<\/p>\n                                    <\/div>\n            <\/div>\n                        <div class=\"hts-post\">\n                                <div class=\"hts-image-wrapper\">\n                                        <a href=\"https:\/\/blog.felipematos.net\/ar\/musk-preve-ia-mais-inteligente-que-toda-a-humanidade-em-2031-enquanto-judiciario-brasileiro-denuncia-clonagem-de-juiz-e-terceirizacao-da-cognicao-por-que-estas-24-horas-expoem-a-colisao\/\" class=\"hts-featured-post-link\">\n                        <img decoding=\"async\" src=\"https:\/\/blog.felipematos.net\/wp-content\/uploads\/2026\/01\/o4GuWIkxaIFKCna2P_dsg_c35644ae5e554099ac007a559ab0a9a5.png\" alt=\"\u0645\u0645\u064a\u0632\">\n                    <\/a>\n                                                        <\/div>\n                <div class=\"hts-post-details\">\n                    <div class=\"hts-capsules\">\n                                                                                                                        <a href=\"https:\/\/blog.felipematos.net\/ar\/category\/inteligencia-artificial\/\">\n                            <div>\u0627\u0644\u0630\u0643\u0627\u0621 \u0627\u0644\u0627\u0635\u0637\u0646\u0627\u0639\u064a<\/div>\n                        <\/a>\n                                                                                            <\/div>\n                    <a href=\"https:\/\/blog.felipematos.net\/ar\/musk-preve-ia-mais-inteligente-que-toda-a-humanidade-em-2031-enquanto-judiciario-brasileiro-denuncia-clonagem-de-juiz-e-terceirizacao-da-cognicao-por-que-estas-24-horas-expoem-a-colisao\/\">\n                        <h3 class=\"hts-title\">\u064a\u062a\u0648\u0642\u0639 \u0645\u0627\u0633\u0643 \u0623\u0646 \u064a\u0643\u0648\u0646 \u0627\u0644\u0630\u0643\u0627\u0621 \u0627\u0644\u0627\u0635\u0637\u0646\u0627\u0639\u064a \u0623\u0643\u062b\u0631 \u0630\u0643\u0627\u0621\u064b \u0645\u0646 \u0627\u0644\u0628\u0634\u0631\u064a\u0629 \u062c\u0645\u0639\u0627\u0621 \u0641\u064a \u0639\u0627\u0645 2031\u060c \u0628\u064a\u0646\u0645\u0627 \u064a\u0633\u062a\u0646\u0643\u0631 \u0627\u0644\u0642\u0636\u0627\u0621 \u0627\u0644\u0628\u0631\u0627\u0632\u064a\u0644\u064a \u2018\u0627\u0633\u062a\u0646\u0633\u0627\u062e \u0627\u0644\u0642\u0636\u0627\u0629\u2019 \u0648\u0627\u0644\u0627\u0633\u062a\u0639\u0627\u0646\u0629 \u0628\u0645\u0635\u0627\u062f\u0631 \u062e\u0627\u0631\u062c\u064a\u0629 \u0644\u0644\u0625\u062f\u0631\u0627\u0643 - \u0644\u0645\u0627\u0630\u0627 \u062a\u0643\u0634\u0641 \u0647\u0630\u0647 \u0627\u0644\u0633\u0627\u0639\u0627\u062a \u0627\u0644\u0623\u0631\u0628\u0639 \u0648\u0627\u0644\u0639\u0634\u0631\u064a\u0646 \u0627\u0644\u062a\u0635\u0627\u062f\u0645 \u0628\u064a\u0646 \u0627\u0644\u0648\u0639\u0648\u062f \u0627\u0644\u0645\u0633\u062a\u0642\u0628\u0644\u064a\u0629 \u0648\u0627\u0644\u0627\u0646\u0647\u064a\u0627\u0631 \u0627\u0644\u0645\u0624\u0633\u0633\u064a \u0627\u0644\u062d\u0642\u064a\u0642\u064a<\/h3>\n                    <\/a>\n                                        <p class=\"small\">\u064a\u0646\u0627\u064a\u0631 24, 2026 | \u0628\u0648\u0627\u0633\u0637\u0629 \u0645\u0627\u062a\u0648\u0633 AI<\/p>\n                                    <\/div>\n            <\/div>\n                        <div class=\"hts-post hts-large\">\n                                <div class=\"hts-image-wrapper\">\n                                        <a href=\"https:\/\/blog.felipematos.net\/ar\/juiz-alerta-que-ia-alucina-em-70-dos-prompts-enquanto-brasil-lidera-adocao-na-america-latina-com-71-de-uso-por-que-estas-24-horas-revelam-a-tensao-entre-entusiasmo-nacional-e-os-limites\/\" class=\"hts-featured-post-link\">\n                        <img decoding=\"async\" src=\"https:\/\/blog.felipematos.net\/wp-content\/uploads\/2026\/01\/d9swzRqZJxipC8XmueDYF_4034b080b85b4129b936525ef25a9db2.png\" alt=\"\u0645\u0645\u064a\u0632\">\n                    <\/a>\n                                                        <\/div>\n                <div class=\"hts-post-details\">\n                    <div class=\"hts-capsules\">\n                                                                                                                        <a href=\"https:\/\/blog.felipematos.net\/ar\/category\/inteligencia-artificial\/\">\n                            <div>\u0627\u0644\u0630\u0643\u0627\u0621 \u0627\u0644\u0627\u0635\u0637\u0646\u0627\u0639\u064a<\/div>\n                        <\/a>\n                                                                                            <\/div>\n                    <a href=\"https:\/\/blog.felipematos.net\/ar\/juiz-alerta-que-ia-alucina-em-70-dos-prompts-enquanto-brasil-lidera-adocao-na-america-latina-com-71-de-uso-por-que-estas-24-horas-revelam-a-tensao-entre-entusiasmo-nacional-e-os-limites\/\">\n                        <h3 class=\"hts-title\">Juiz Alerta Que IA &#8216;Alucina&#8217; em 70% dos Prompts Enquanto Brasil Lidera Ado\u00e7\u00e3o na Am\u00e9rica Latina com 71% de Uso \u2014 Por Que Estas 24 Horas Revelam a Tens\u00e3o Entre Entusiasmo Nacional e os Limites Reais da Tecnologia<\/h3>\n                    <\/a>\n                                        <p class=\"small\">\u064a\u0646\u0627\u064a\u0631 23, 2026 | by Matos AI<\/p>\n                                    <\/div>\n            <\/div>\n                    <\/div>\n    <\/div>\n<\/section><section class=\"hts-section hts-newsletter\">\n\t<hr class=\"full\">\n\t<div class=\"wrapper\">\n\t<div>\n\t\t<h3 class=\"hts-title\">\u0627\u0644\u0646\u0634\u0631\u0629 \u0627\u0644\u0625\u062e\u0628\u0627\u0631\u064a\u0629<\/h3>\n\t\t<p>\u0627\u0634\u062a\u0631\u0643 \u0644\u062a\u0628\u0642\u0649 \u0639\u0644\u0649 \u0627\u0637\u0644\u0627\u0639 \u0628\u0623\u062d\u062f\u062b \u0645\u0634\u0627\u0631\u064a\u0639\u064a \u0627\u0644\u0625\u0628\u062f\u0627\u0639\u064a\u0629 \u0648\u0631\u0624\u064a\u062a\u064a \u0648\u0646\u0635\u0627\u0626\u062d\u064a.<\/p>\n\t<\/div>\n\t<div class=\"hts-newsletter-block\">\n\t\t<form action=\"\">\n\t\t\t<input type=\"hidden\" id=\"newsletter_nonce\" name=\"newsletter_nonce\" value=\"7b6d4cc663\" \/><input type=\"hidden\" name=\"_wp_http_referer\" value=\"\/ar\/wp-json\/wp\/v2\/pages\/4\" \/>\t\t\t<label for=\"hts-newsletter-email\">\u0628\u0631\u064a\u062f \u0625\u0644\u0643\u062a\u0631\u0648\u0646\u064a<\/label>\n\t\t\t<input type=\"email\"\n\t\t\t       id=\"hts-newsletter-email\"\n\t\t\t       name=\"newsletter_email\"\n\t\t\t       placeholder=\"\u0645\u0627 \u0647\u0648 \u0628\u0631\u064a\u062f\u0643 \u0627\u0644\u0627\u0644\u0643\u062a\u0631\u0648\u0646\u064a\u061f\">\n\t\t\t<div class=\"validate-message\"><\/div>\n\t\t\t<div class=\"hts-privacy-agree\">\n\t\t\t\t<label class=\"hts-form-control\">\n\t\t\t\t<input type=\"checkbox\" id=\"privacy-policy-checkbox\" name=\"privacy_policy\" required>\n\t\t\t\t<\/label>\n\t\t\t\t<span>\n\t\t\t\t\t\u0623\u0648\u0627\u0641\u0642 \u0639\u0644\u0649 \u0627\u0633\u062a\u062e\u062f\u0627\u0645 \u0639\u0646\u0648\u0627\u0646 \u0628\u0631\u064a\u062f\u064a \u0627\u0644\u0625\u0644\u0643\u062a\u0631\u0648\u0646\u064a \u0644\u063a\u0631\u0636 \u062a\u0644\u0642\u064a \u0627\u0644\u0631\u0633\u0627\u0626\u0644 \u0627\u0644\u0625\u062e\u0628\u0627\u0631\u064a\u0629 \u0643\u0645\u0627 \u0647\u0648 \u0645\u0648\u0636\u062d \u0641\u064a <a href=\"\" target=\"_blank\">\u0633\u064a\u0627\u0633\u0629 \u0627\u0644\u062e\u0635\u0648\u0635\u064a\u0629<\/a>\u060c \u0627\u0644\u0630\u064a \u0642\u0631\u0623\u062a\u0647. \u064a\u062c\u0648\u0632 \u0644\u064a \u0633\u062d\u0628 \u0645\u0648\u0627\u0641\u0642\u062a\u064a \u0641\u064a \u0623\u064a \u0648\u0642\u062a.\t\t\t\t<\/span>\n\t\t\t<\/div>\n\t\t\t<input type=\"submit\" class=\"btn primary\" value=\"\u064a\u0634\u062a\u0631\u0643\"\/>\n\t\t<input type=\"hidden\" name=\"trp-form-language\" value=\"ar\"\/><\/form>\n\t<\/div>\n\t<\/div>\n<\/section>","protected":false},"excerpt":{"rendered":"","protected":false},"author":1,"featured_media":0,"parent":0,"menu_order":0,"comment_status":"closed","ping_status":"closed","template":"","meta":{"footnotes":""},"class_list":["post-4","page","type-page","status-publish","hentry"],"aioseo_notices":[],"_links":{"self":[{"href":"https:\/\/blog.felipematos.net\/ar\/wp-json\/wp\/v2\/pages\/4","targetHints":{"allow":["GET"]}}],"collection":[{"href":"https:\/\/blog.felipematos.net\/ar\/wp-json\/wp\/v2\/pages"}],"about":[{"href":"https:\/\/blog.felipematos.net\/ar\/wp-json\/wp\/v2\/types\/page"}],"author":[{"embeddable":true,"href":"https:\/\/blog.felipematos.net\/ar\/wp-json\/wp\/v2\/users\/1"}],"replies":[{"embeddable":true,"href":"https:\/\/blog.felipematos.net\/ar\/wp-json\/wp\/v2\/comments?post=4"}],"version-history":[{"count":1,"href":"https:\/\/blog.felipematos.net\/ar\/wp-json\/wp\/v2\/pages\/4\/revisions"}],"predecessor-version":[{"id":24,"href":"https:\/\/blog.felipematos.net\/ar\/wp-json\/wp\/v2\/pages\/4\/revisions\/24"}],"wp:attachment":[{"href":"https:\/\/blog.felipematos.net\/ar\/wp-json\/wp\/v2\/media?parent=4"}],"curies":[{"name":"\u062f\u0628\u0644\u064a\u0648 \u0628\u064a","href":"https:\/\/api.w.org\/{rel}","templated":true}]}}