{"id":4,"date":"2024-11-09T13:56:38","date_gmt":"2024-11-09T13:56:38","guid":{"rendered":"http:\/\/blog.felipematos.net\/home\/"},"modified":"2024-11-14T19:58:05","modified_gmt":"2024-11-14T22:58:05","slug":"home","status":"publish","type":"page","link":"https:\/\/blog.felipematos.net\/en\/home\/","title":{"rendered":"Home"},"content":{"rendered":"<section class=\"hts-section hts-hero\">\n    <div class=\"hts-hero-spacer\"><\/div>\n    <div class=\"hts-hero-content\">\n        <div class=\"hts-hero-image\">\n            <img decoding=\"async\" src=\"https:\/\/blog.felipematos.net\/wp-content\/themes\/hostinger-blog\/build\/images\/heroimage.jpeg\" alt=\"background\" \/>\n        <\/div>\n        <div class=\"hts-hero-block\">\n            <div class=\"hts-hero-body\">\n                <div class=\"hts-hero-details\">\n                    <div>\n                        <h1>Title<\/h1>\n                        <p>Lorem ipsum dolor sit amet, consectetur adipiscing elit.<\/p>\n                        <a href=\"https:\/\/blog.felipematos.net\/en\/home\/\" class=\"btn primary\" >Read more<\/a>\n                    <\/div>\n                    <div class=\"hts-hero-body-image\">\n                        <img decoding=\"async\" src=\"https:\/\/blog.felipematos.net\/wp-content\/themes\/hostinger-blog\/build\/images\/heroimage.jpeg\" alt=\"background\" \/>\n                    <\/div>\n                    <div class=\"hts-hero-footer\">\n                        <div class=\"hts-social\">\n                                                                                    <a href=\"https:\/\/felipematos.net\" target=\"_blank\">\n                                <img decoding=\"async\" class=\"light\" src=\"https:\/\/blog.felipematos.net\/wp-content\/themes\/hostinger-blog\/build\/images\/instagram.svg\"\n                                    alt=\"Instagram\" \/>\n                                <img decoding=\"async\" class=\"dark\"\n                                    src=\"https:\/\/blog.felipematos.net\/wp-content\/themes\/hostinger-blog\/build\/images\/instagram-dark.svg\"\n                                    alt=\"Instagram\" \/>\n                                <img decoding=\"async\" class=\"mono\"\n                                    src=\"https:\/\/blog.felipematos.net\/wp-content\/themes\/hostinger-blog\/build\/images\/instagram-mono.svg\"\n                                    alt=\"Instagram\" \/>\n                            <\/a>\n                                                                                    <a href=\"https:\/\/twitter.com\/felipematos\" target=\"_blank\">\n                                <img decoding=\"async\" class=\"light\" src=\"https:\/\/blog.felipematos.net\/wp-content\/themes\/hostinger-blog\/build\/images\/twitter.svg\"\n                                    alt=\"twitter\" \/>\n                                <img decoding=\"async\" class=\"dark\" src=\"https:\/\/blog.felipematos.net\/wp-content\/themes\/hostinger-blog\/build\/images\/twitter-dark.svg\"\n                                    alt=\"twitter\" \/>\n                                <img decoding=\"async\" class=\"mono\" src=\"https:\/\/blog.felipematos.net\/wp-content\/themes\/hostinger-blog\/build\/images\/twitter-mono.svg\"\n                                    alt=\"twitter\" \/>\n                            <\/a>\n                                                                                    <a href=\"https:\/\/www.youtube.com\/@FelipeMatosStartup\" target=\"_blank\">\n                                <img decoding=\"async\" class=\"light\" src=\"https:\/\/blog.felipematos.net\/wp-content\/themes\/hostinger-blog\/build\/images\/youtube.svg\"\n                                    alt=\"youtube\" \/>\n                                <img decoding=\"async\" class=\"dark\" src=\"https:\/\/blog.felipematos.net\/wp-content\/themes\/hostinger-blog\/build\/images\/youtube-dark.svg\"\n                                    alt=\"youtube\" \/>\n                                <img decoding=\"async\" class=\"mono\" src=\"https:\/\/blog.felipematos.net\/wp-content\/themes\/hostinger-blog\/build\/images\/youtube-mono.svg\"\n                                    alt=\"youtube\" \/>\n                            <\/a>\n                                                    <\/div>\n                        <p class=\"hts-title\">Subtitle<\/p>\n                    <\/div>\n                <\/div>\n            <\/div>\n        <\/div>\n    <\/div>\n<\/section><section class=\"hts-section hts-no-border hts-posts hts-featured-post-wrapper\">\n    <div>\n                <div class=\"hts-posts-header\">\n            <h2 class=\"hts-title\">Featured post<\/h2>\n        <\/div>\n                <div class=\"hts-featured-post\">\n            <!-- Post -->\n            <div class=\"hts-post\">\n                <div class=\"hts-image-wrapper\">\n                                        <a href=\"https:\/\/blog.felipematos.net\/en\/deepseek-a-inteligencia-artificial-chinesa-que-esta-revolucionando-o-mercado-global\/\" class=\"hts-featured-post-link\">\n                        <img decoding=\"async\" src=\"https:\/\/blog.felipematos.net\/wp-content\/uploads\/2025\/02\/6WHOaR24CJMPqj5HidYL-_15b3bc33bd0c4bcbbe6c46c1e3e4e4c6.png\" alt=\"featured\">\n                    <\/a>\n                                                        <\/div>\n                <div class=\"hts-post-details\">\n                    <div class=\"hts-posts-body-header\">\n                        <h2 class=\"hts-title\">Featured post<\/h2>\n                    <\/div>\n                    <div class=\"hts-capsules\">\n                                                                                                                        <a href=\"https:\/\/blog.felipematos.net\/en\/category\/inteligencia-artificial\/\">\n                            <div>Artificial intelligence<\/div>\n                        <\/a>\n                                                                                            <\/div>\n                                        <a href=\"https:\/\/blog.felipematos.net\/en\/deepseek-a-inteligencia-artificial-chinesa-que-esta-revolucionando-o-mercado-global\/\">\n                        <h3 class=\"hts-title\">DeepSeek: The Chinese Artificial Intelligence That Is Revolutionizing the Global Market<\/h3>\n                    <\/a>\n                                                            <p class=\"small\">February 12, 2025 | by Matos AI<\/p>\n                                    <\/div>\n            <\/div>\n        <\/div>\n    <\/div>\n<\/section><section class=\"hts-section hts-posts\">\n    <hr class=\"full\">\n    <div>\n        <div class=\"hts-posts-header\">\n            <h2 class=\"hts-title\">Latest posts<\/h2>\n            <a href=\"https:\/\/blog.felipematos.net\/en\" class=\"hts-posts-action\">\n                <p>View all<\/p>\n                <img decoding=\"async\" src=\"https:\/\/blog.felipematos.net\/wp-content\/themes\/hostinger-blog\/build\/images\/icon-arrow-right.svg\" alt=\"view all\">\n            <\/a>\n        <\/div>\n        <div class=\"hts-posts-list\">\n                        <div class=\"hts-post hts-large\">\n                                <div class=\"hts-image-wrapper\">\n                                        <a href=\"https:\/\/blog.felipematos.net\/en\/openai-lanca-chatgpt-pro-deepseek-avanca-na-china-e-lula-retoma-governo-por-que-estas-24-horas-revelam-a-corrida-global-por-ia-acessivel-soberania-e-governanca-pratica\/\" class=\"hts-featured-post-link\">\n                        <img decoding=\"async\" src=\"https:\/\/blog.felipematos.net\/wp-content\/uploads\/2026\/03\/KbQKKievUt_jQWXsOpMEe_17ad82aad3c4423aa3874eb005be1c09.png\" alt=\"featured\">\n                    <\/a>\n                                                        <\/div>\n                <div class=\"hts-post-details\">\n                    <div class=\"hts-capsules\">\n                                                                                                                        <a href=\"https:\/\/blog.felipematos.net\/en\/category\/inteligencia-artificial\/\">\n                            <div>Artificial intelligence<\/div>\n                        <\/a>\n                                                                                            <\/div>\n                    <a href=\"https:\/\/blog.felipematos.net\/en\/openai-lanca-chatgpt-pro-deepseek-avanca-na-china-e-lula-retoma-governo-por-que-estas-24-horas-revelam-a-corrida-global-por-ia-acessivel-soberania-e-governanca-pratica\/\">\n                        <h3 class=\"hts-title\">OpenAI Lan\u00e7a ChatGPT Pro, DeepSeek Avan\u00e7a na China e Lula Retoma Governo \u2014 Por Que Estas 24 Horas Revelam a Corrida Global Por IA Acess\u00edvel, Soberania e Governan\u00e7a Pr\u00e1tica<\/h3>\n                    <\/a>\n                                        <p class=\"small\">March 30, 2026 | by Matos AI<\/p>\n                                    <\/div>\n            <\/div>\n                        <div class=\"hts-post\">\n                                <div class=\"hts-image-wrapper\">\n                                        <a href=\"https:\/\/blog.felipematos.net\/en\/google-acusado-de-violar-proprias-politicas-de-ia-em-israel-enquanto-genie-3-assusta-mercado-de-games-por-que-estas-24-horas-revelam-a-tensao-entre-etica-declarada-e-execucao-real\/\" class=\"hts-featured-post-link\">\n                        <img decoding=\"async\" src=\"https:\/\/blog.felipematos.net\/wp-content\/uploads\/2026\/02\/3PbOOjxkB6mW7sZWQoNvu_31fd9291e843428e99baf8aba812056f.png\" alt=\"featured\">\n                    <\/a>\n                                                        <\/div>\n                <div class=\"hts-post-details\">\n                    <div class=\"hts-capsules\">\n                                                                                                                        <a href=\"https:\/\/blog.felipematos.net\/en\/category\/inteligencia-artificial\/\">\n                            <div>Artificial intelligence<\/div>\n                        <\/a>\n                                                                                            <\/div>\n                    <a href=\"https:\/\/blog.felipematos.net\/en\/google-acusado-de-violar-proprias-politicas-de-ia-em-israel-enquanto-genie-3-assusta-mercado-de-games-por-que-estas-24-horas-revelam-a-tensao-entre-etica-declarada-e-execucao-real\/\">\n                        <h3 class=\"hts-title\">Google Accused of Violating Its Own AI Policies in Israel While Genie 3 Scares the Games Market - Why These 24 Hours Reveal the Tension Between Stated Ethics and Actual Enforcement<\/h3>\n                    <\/a>\n                                        <p class=\"small\">February 2, 2026 | by Matos AI<\/p>\n                                    <\/div>\n            <\/div>\n                        <div class=\"hts-post\">\n                                <div class=\"hts-image-wrapper\">\n                                        <a href=\"https:\/\/blog.felipematos.net\/en\/asml-registra-pedidos-recordes-de-us-1585-bilhoes-enquanto-youtube-usa-ia-para-estimar-idade-e-freelancers-perdem-90-dos-clientes-por-que-estas-24-horas-revelam-a-colisao-entre-gastos-robu\/\" class=\"hts-featured-post-link\">\n                        <img decoding=\"async\" src=\"https:\/\/blog.felipematos.net\/wp-content\/uploads\/2026\/01\/25-cWa338S5OCfoDtF6t1_344f645e4bba4c25a28d86699458ca5f.png\" alt=\"featured\">\n                    <\/a>\n                                                        <\/div>\n                <div class=\"hts-post-details\">\n                    <div class=\"hts-capsules\">\n                                                                                                                        <a href=\"https:\/\/blog.felipematos.net\/en\/category\/inteligencia-artificial\/\">\n                            <div>Artificial intelligence<\/div>\n                        <\/a>\n                                                                                            <\/div>\n                    <a href=\"https:\/\/blog.felipematos.net\/en\/asml-registra-pedidos-recordes-de-us-1585-bilhoes-enquanto-youtube-usa-ia-para-estimar-idade-e-freelancers-perdem-90-dos-clientes-por-que-estas-24-horas-revelam-a-colisao-entre-gastos-robu\/\">\n                        <h3 class=\"hts-title\">ASML Records US$ 15.85 Billion Orders As YouTube Uses AI To Estimate Age And Freelancers Lose 90% Of Clients - Why These 24 Hours Reveal The Collision Between Robust Spending And Real Human Impact<\/h3>\n                    <\/a>\n                                        <p class=\"small\">January 28, 2026 | by Matos AI<\/p>\n                                    <\/div>\n            <\/div>\n                        <div class=\"hts-post\">\n                                <div class=\"hts-image-wrapper\">\n                                        <a href=\"https:\/\/blog.felipematos.net\/en\/ia-lidera-ranking-de-riscos-empresariais-no-brasil-enquanto-ibm-revela-que-80-dos-executivos-esperam-receita-sem-saber-de-onde-vira-por-que-estas-24-horas-expoem-a-lacuna-entre-ambicao-e-arq\/\" class=\"hts-featured-post-link\">\n                        <img decoding=\"async\" src=\"https:\/\/blog.felipematos.net\/wp-content\/uploads\/2026\/01\/ujOW9fXjBd9GvLSCpwK_ccf068d93cdc4c3392b2a1b07502c88d.png\" alt=\"featured\">\n                    <\/a>\n                                                        <\/div>\n                <div class=\"hts-post-details\">\n                    <div class=\"hts-capsules\">\n                                                                                                                        <a href=\"https:\/\/blog.felipematos.net\/en\/category\/inteligencia-artificial\/\">\n                            <div>Artificial intelligence<\/div>\n                        <\/a>\n                                                                                            <\/div>\n                    <a href=\"https:\/\/blog.felipematos.net\/en\/ia-lidera-ranking-de-riscos-empresariais-no-brasil-enquanto-ibm-revela-que-80-dos-executivos-esperam-receita-sem-saber-de-onde-vira-por-que-estas-24-horas-expoem-a-lacuna-entre-ambicao-e-arq\/\">\n                        <h3 class=\"hts-title\">IA Lidera Ranking de Riscos Empresariais no Brasil Enquanto IBM Revela Que 80% Dos Executivos Esperam Receita Sem Saber de Onde Vir\u00e1 \u2014 Por Que Estas 24 Horas Exp\u00f5em a Lacuna Entre Ambi\u00e7\u00e3o e Arquitetura Real<\/h3>\n                    <\/a>\n                                        <p class=\"small\">January 26, 2026 | by Matos AI<\/p>\n                                    <\/div>\n            <\/div>\n                        <div class=\"hts-post\">\n                                <div class=\"hts-image-wrapper\">\n                                        <a href=\"https:\/\/blog.felipematos.net\/en\/musk-preve-ia-mais-inteligente-que-toda-a-humanidade-em-2031-enquanto-judiciario-brasileiro-denuncia-clonagem-de-juiz-e-terceirizacao-da-cognicao-por-que-estas-24-horas-expoem-a-colisao\/\" class=\"hts-featured-post-link\">\n                        <img decoding=\"async\" src=\"https:\/\/blog.felipematos.net\/wp-content\/uploads\/2026\/01\/o4GuWIkxaIFKCna2P_dsg_c35644ae5e554099ac007a559ab0a9a5.png\" alt=\"featured\">\n                    <\/a>\n                                                        <\/div>\n                <div class=\"hts-post-details\">\n                    <div class=\"hts-capsules\">\n                                                                                                                        <a href=\"https:\/\/blog.felipematos.net\/en\/category\/inteligencia-artificial\/\">\n                            <div>Artificial intelligence<\/div>\n                        <\/a>\n                                                                                            <\/div>\n                    <a href=\"https:\/\/blog.felipematos.net\/en\/musk-preve-ia-mais-inteligente-que-toda-a-humanidade-em-2031-enquanto-judiciario-brasileiro-denuncia-clonagem-de-juiz-e-terceirizacao-da-cognicao-por-que-estas-24-horas-expoem-a-colisao\/\">\n                        <h3 class=\"hts-title\">Musk Prev\u00ea IA Mais Inteligente Que Toda a Humanidade em 2031 Enquanto Judici\u00e1rio Brasileiro Denuncia &#8216;Clonagem de Juiz&#8217; e Terceiriza\u00e7\u00e3o da Cogni\u00e7\u00e3o \u2014 Por Que Estas 24 Horas Exp\u00f5em a Colis\u00e3o Entre Promessas Futuristas e Colapso Institucional Real<\/h3>\n                    <\/a>\n                                        <p class=\"small\">January 24, 2026 | by Matos AI<\/p>\n                                    <\/div>\n            <\/div>\n                        <div class=\"hts-post hts-large\">\n                                <div class=\"hts-image-wrapper\">\n                                        <a href=\"https:\/\/blog.felipematos.net\/en\/juiz-alerta-que-ia-alucina-em-70-dos-prompts-enquanto-brasil-lidera-adocao-na-america-latina-com-71-de-uso-por-que-estas-24-horas-revelam-a-tensao-entre-entusiasmo-nacional-e-os-limites\/\" class=\"hts-featured-post-link\">\n                        <img decoding=\"async\" src=\"https:\/\/blog.felipematos.net\/wp-content\/uploads\/2026\/01\/d9swzRqZJxipC8XmueDYF_4034b080b85b4129b936525ef25a9db2.png\" alt=\"featured\">\n                    <\/a>\n                                                        <\/div>\n                <div class=\"hts-post-details\">\n                    <div class=\"hts-capsules\">\n                                                                                                                        <a href=\"https:\/\/blog.felipematos.net\/en\/category\/inteligencia-artificial\/\">\n                            <div>Artificial intelligence<\/div>\n                        <\/a>\n                                                                                            <\/div>\n                    <a href=\"https:\/\/blog.felipematos.net\/en\/juiz-alerta-que-ia-alucina-em-70-dos-prompts-enquanto-brasil-lidera-adocao-na-america-latina-com-71-de-uso-por-que-estas-24-horas-revelam-a-tensao-entre-entusiasmo-nacional-e-os-limites\/\">\n                        <h3 class=\"hts-title\">Judge Warns That AI \u2018Hallucinates\u2019 in 70% of Prompts While Brazil Leads Latin American Adoption with 71% of Use - Why These 24 Hours Reveal the Tension Between National Enthusiasm and the Real Limits of Technology<\/h3>\n                    <\/a>\n                                        <p class=\"small\">January 23, 2026 | by Matos AI<\/p>\n                                    <\/div>\n            <\/div>\n                    <\/div>\n    <\/div>\n<\/section><section class=\"hts-section hts-newsletter\">\n\t<hr class=\"full\">\n\t<div class=\"wrapper\">\n\t<div>\n\t\t<h3 class=\"hts-title\">Newsletter<\/h3>\n\t\t<p>Subscribe to stay up-to-date with my latest creative projects, insights, and tips.<\/p>\n\t<\/div>\n\t<div class=\"hts-newsletter-block\">\n\t\t<form action=\"\">\n\t\t\t<input type=\"hidden\" id=\"newsletter_nonce\" name=\"newsletter_nonce\" value=\"7b6d4cc663\" \/><input type=\"hidden\" name=\"_wp_http_referer\" value=\"\/en\/wp-json\/wp\/v2\/pages\/4\" \/>\t\t\t<label for=\"hts-newsletter-email\">E-mail<\/label>\n\t\t\t<input type=\"email\"\n\t\t\t       id=\"hts-newsletter-email\"\n\t\t\t       name=\"newsletter_email\"\n\t\t\t       placeholder=\"What&#039;s your email?\">\n\t\t\t<div class=\"validate-message\"><\/div>\n\t\t\t<div class=\"hts-privacy-agree\">\n\t\t\t\t<label class=\"hts-form-control\">\n\t\t\t\t<input type=\"checkbox\" id=\"privacy-policy-checkbox\" name=\"privacy_policy\" required>\n\t\t\t\t<\/label>\n\t\t\t\t<span>\n\t\t\t\t\tI consent to use of my email address for the purpose of receiving newsletters as described in <a href=\"\" target=\"_blank\">Privacy Policy<\/a>, which I have read. I may withdraw my consent at any time.\t\t\t\t<\/span>\n\t\t\t<\/div>\n\t\t\t<input type=\"submit\" class=\"btn primary\" value=\"Subscribe\"\/>\n\t\t<input type=\"hidden\" name=\"trp-form-language\" value=\"en\"\/><\/form>\n\t<\/div>\n\t<\/div>\n<\/section>","protected":false},"excerpt":{"rendered":"","protected":false},"author":1,"featured_media":0,"parent":0,"menu_order":0,"comment_status":"closed","ping_status":"closed","template":"","meta":{"footnotes":""},"class_list":["post-4","page","type-page","status-publish","hentry"],"aioseo_notices":[],"_links":{"self":[{"href":"https:\/\/blog.felipematos.net\/en\/wp-json\/wp\/v2\/pages\/4","targetHints":{"allow":["GET"]}}],"collection":[{"href":"https:\/\/blog.felipematos.net\/en\/wp-json\/wp\/v2\/pages"}],"about":[{"href":"https:\/\/blog.felipematos.net\/en\/wp-json\/wp\/v2\/types\/page"}],"author":[{"embeddable":true,"href":"https:\/\/blog.felipematos.net\/en\/wp-json\/wp\/v2\/users\/1"}],"replies":[{"embeddable":true,"href":"https:\/\/blog.felipematos.net\/en\/wp-json\/wp\/v2\/comments?post=4"}],"version-history":[{"count":1,"href":"https:\/\/blog.felipematos.net\/en\/wp-json\/wp\/v2\/pages\/4\/revisions"}],"predecessor-version":[{"id":24,"href":"https:\/\/blog.felipematos.net\/en\/wp-json\/wp\/v2\/pages\/4\/revisions\/24"}],"wp:attachment":[{"href":"https:\/\/blog.felipematos.net\/en\/wp-json\/wp\/v2\/media?parent=4"}],"curies":[{"name":"wp","href":"https:\/\/api.w.org\/{rel}","templated":true}]}}