{"id":4,"date":"2024-11-09T13:56:38","date_gmt":"2024-11-09T13:56:38","guid":{"rendered":"http:\/\/blog.felipematos.net\/home\/"},"modified":"2024-11-14T19:58:05","modified_gmt":"2024-11-14T22:58:05","slug":"hombre","status":"publish","type":"page","link":"https:\/\/blog.felipematos.net\/es\/home\/","title":{"rendered":"Hogar"},"content":{"rendered":"<section class=\"hts-section hts-hero\">\n    <div class=\"hts-hero-spacer\"><\/div>\n    <div class=\"hts-hero-content\">\n        <div class=\"hts-hero-image\">\n            <img decoding=\"async\" src=\"https:\/\/blog.felipematos.net\/wp-content\/themes\/hostinger-blog\/build\/images\/heroimage.jpeg\" alt=\"fondo\" \/>\n        <\/div>\n        <div class=\"hts-hero-block\">\n            <div class=\"hts-hero-body\">\n                <div class=\"hts-hero-details\">\n                    <div>\n                        <h1>T\u00edtulo<\/h1>\n                        <p>Lorem ipsum dolor sit amet, consectetur adipiscing elit.<\/p>\n                        <a href=\"https:\/\/blog.felipematos.net\/es\/home\/\" class=\"btn primary\" >Leer m\u00e1s<\/a>\n                    <\/div>\n                    <div class=\"hts-hero-body-image\">\n                        <img decoding=\"async\" src=\"https:\/\/blog.felipematos.net\/wp-content\/themes\/hostinger-blog\/build\/images\/heroimage.jpeg\" alt=\"fondo\" \/>\n                    <\/div>\n                    <div class=\"hts-hero-footer\">\n                        <div class=\"hts-social\">\n                                                                                    <a href=\"https:\/\/felipematos.net\" target=\"_blank\">\n                                <img decoding=\"async\" class=\"light\" src=\"https:\/\/blog.felipematos.net\/wp-content\/themes\/hostinger-blog\/build\/images\/instagram.svg\"\n                                    alt=\"Instagram\" \/>\n                                <img decoding=\"async\" class=\"dark\"\n                                    src=\"https:\/\/blog.felipematos.net\/wp-content\/themes\/hostinger-blog\/build\/images\/instagram-dark.svg\"\n                                    alt=\"Instagram\" \/>\n                                <img decoding=\"async\" class=\"mono\"\n                                    src=\"https:\/\/blog.felipematos.net\/wp-content\/themes\/hostinger-blog\/build\/images\/instagram-mono.svg\"\n                                    alt=\"Instagram\" \/>\n                            <\/a>\n                                                                                    <a href=\"https:\/\/twitter.com\/felipematos\" target=\"_blank\">\n                                <img decoding=\"async\" class=\"light\" src=\"https:\/\/blog.felipematos.net\/wp-content\/themes\/hostinger-blog\/build\/images\/twitter.svg\"\n                                    alt=\"gorjeo\" \/>\n                                <img decoding=\"async\" class=\"dark\" src=\"https:\/\/blog.felipematos.net\/wp-content\/themes\/hostinger-blog\/build\/images\/twitter-dark.svg\"\n                                    alt=\"gorjeo\" \/>\n                                <img decoding=\"async\" class=\"mono\" src=\"https:\/\/blog.felipematos.net\/wp-content\/themes\/hostinger-blog\/build\/images\/twitter-mono.svg\"\n                                    alt=\"gorjeo\" \/>\n                            <\/a>\n                                                                                    <a href=\"https:\/\/www.youtube.com\/@FelipeMatosStartup\" target=\"_blank\">\n                                <img decoding=\"async\" class=\"light\" src=\"https:\/\/blog.felipematos.net\/wp-content\/themes\/hostinger-blog\/build\/images\/youtube.svg\"\n                                    alt=\"YouTube\" \/>\n                                <img decoding=\"async\" class=\"dark\" src=\"https:\/\/blog.felipematos.net\/wp-content\/themes\/hostinger-blog\/build\/images\/youtube-dark.svg\"\n                                    alt=\"YouTube\" \/>\n                                <img decoding=\"async\" class=\"mono\" src=\"https:\/\/blog.felipematos.net\/wp-content\/themes\/hostinger-blog\/build\/images\/youtube-mono.svg\"\n                                    alt=\"YouTube\" \/>\n                            <\/a>\n                                                    <\/div>\n                        <p class=\"hts-title\">Subtitular<\/p>\n                    <\/div>\n                <\/div>\n            <\/div>\n        <\/div>\n    <\/div>\n<\/section><section class=\"hts-section hts-no-border hts-posts hts-featured-post-wrapper\">\n    <div>\n                <div class=\"hts-posts-header\">\n            <h2 class=\"hts-title\">Publicaci\u00f3n destacada<\/h2>\n        <\/div>\n                <div class=\"hts-featured-post\">\n            <!-- Post -->\n            <div class=\"hts-post\">\n                <div class=\"hts-image-wrapper\">\n                                        <a href=\"https:\/\/blog.felipematos.net\/es\/radar-da-ia-o-abismo-tecnologico-entre-potencias-globais-e-america-latina-como-evitar-ficar-para-tras\/\" class=\"hts-featured-post-link\">\n                        <img decoding=\"async\" src=\"https:\/\/blog.felipematos.net\/wp-content\/uploads\/2025\/04\/VUTULFquhQbjk_TGSEBtE_ec7f93640f64412b96bd30a4cfe0fcfe.png\" alt=\"presentado\">\n                    <\/a>\n                                                        <\/div>\n                <div class=\"hts-post-details\">\n                    <div class=\"hts-posts-body-header\">\n                        <h2 class=\"hts-title\">Publicaci\u00f3n destacada<\/h2>\n                    <\/div>\n                    <div class=\"hts-capsules\">\n                                                                                                                        <a href=\"https:\/\/blog.felipematos.net\/es\/category\/inteligencia-artificial\/\">\n                            <div>Inteligencia artificial<\/div>\n                        <\/a>\n                                                                                            <\/div>\n                                        <a href=\"https:\/\/blog.felipematos.net\/es\/radar-da-ia-o-abismo-tecnologico-entre-potencias-globais-e-america-latina-como-evitar-ficar-para-tras\/\">\n                        <h3 class=\"hts-title\">Radar de IA: La brecha tecnol\u00f3gica entre las potencias globales y Am\u00e9rica Latina: c\u00f3mo evitar quedarse atr\u00e1s<\/h3>\n                    <\/a>\n                                                            <p class=\"small\">20 de abril de 2025 | por Matos AI<\/p>\n                                    <\/div>\n            <\/div>\n        <\/div>\n    <\/div>\n<\/section><section class=\"hts-section hts-posts\">\n    <hr class=\"full\">\n    <div>\n        <div class=\"hts-posts-header\">\n            <h2 class=\"hts-title\">\u00daltimas publicaciones<\/h2>\n            <a href=\"https:\/\/blog.felipematos.net\/es\" class=\"hts-posts-action\">\n                <p>Ver todo<\/p>\n                <img decoding=\"async\" src=\"https:\/\/blog.felipematos.net\/wp-content\/themes\/hostinger-blog\/build\/images\/icon-arrow-right.svg\" alt=\"ver todo\">\n            <\/a>\n        <\/div>\n        <div class=\"hts-posts-list\">\n                        <div class=\"hts-post hts-large\">\n                                <div class=\"hts-image-wrapper\">\n                                        <a href=\"https:\/\/blog.felipematos.net\/es\/openai-lanca-chatgpt-pro-deepseek-avanca-na-china-e-lula-retoma-governo-por-que-estas-24-horas-revelam-a-corrida-global-por-ia-acessivel-soberania-e-governanca-pratica\/\" class=\"hts-featured-post-link\">\n                        <img decoding=\"async\" src=\"https:\/\/blog.felipematos.net\/wp-content\/uploads\/2026\/03\/KbQKKievUt_jQWXsOpMEe_17ad82aad3c4423aa3874eb005be1c09.png\" alt=\"presentado\">\n                    <\/a>\n                                                        <\/div>\n                <div class=\"hts-post-details\">\n                    <div class=\"hts-capsules\">\n                                                                                                                        <a href=\"https:\/\/blog.felipematos.net\/es\/category\/inteligencia-artificial\/\">\n                            <div>Inteligencia artificial<\/div>\n                        <\/a>\n                                                                                            <\/div>\n                    <a href=\"https:\/\/blog.felipematos.net\/es\/openai-lanca-chatgpt-pro-deepseek-avanca-na-china-e-lula-retoma-governo-por-que-estas-24-horas-revelam-a-corrida-global-por-ia-acessivel-soberania-e-governanca-pratica\/\">\n                        <h3 class=\"hts-title\">OpenAI Lan\u00e7a ChatGPT Pro, DeepSeek Avan\u00e7a na China e Lula Retoma Governo \u2014 Por Que Estas 24 Horas Revelam a Corrida Global Por IA Acess\u00edvel, Soberania e Governan\u00e7a Pr\u00e1tica<\/h3>\n                    <\/a>\n                                        <p class=\"small\">marzo 30, 2026 | by Matos AI<\/p>\n                                    <\/div>\n            <\/div>\n                        <div class=\"hts-post\">\n                                <div class=\"hts-image-wrapper\">\n                                        <a href=\"https:\/\/blog.felipematos.net\/es\/google-acusado-de-violar-proprias-politicas-de-ia-em-israel-enquanto-genie-3-assusta-mercado-de-games-por-que-estas-24-horas-revelam-a-tensao-entre-etica-declarada-e-execucao-real\/\" class=\"hts-featured-post-link\">\n                        <img decoding=\"async\" src=\"https:\/\/blog.felipematos.net\/wp-content\/uploads\/2026\/02\/3PbOOjxkB6mW7sZWQoNvu_31fd9291e843428e99baf8aba812056f.png\" alt=\"presentado\">\n                    <\/a>\n                                                        <\/div>\n                <div class=\"hts-post-details\">\n                    <div class=\"hts-capsules\">\n                                                                                                                        <a href=\"https:\/\/blog.felipematos.net\/es\/category\/inteligencia-artificial\/\">\n                            <div>Inteligencia artificial<\/div>\n                        <\/a>\n                                                                                            <\/div>\n                    <a href=\"https:\/\/blog.felipematos.net\/es\/google-acusado-de-violar-proprias-politicas-de-ia-em-israel-enquanto-genie-3-assusta-mercado-de-games-por-que-estas-24-horas-revelam-a-tensao-entre-etica-declarada-e-execucao-real\/\">\n                        <h3 class=\"hts-title\">Acusan a Google de violar sus propias pol\u00edticas de inteligencia artificial en Israel mientras Genie 3 asusta al mercado de los juegos - Por qu\u00e9 estas 24 horas revelan la tensi\u00f3n entre la \u00e9tica declarada y su aplicaci\u00f3n real<\/h3>\n                    <\/a>\n                                        <p class=\"small\">2 de febrero de 2026 | por Matos AI<\/p>\n                                    <\/div>\n            <\/div>\n                        <div class=\"hts-post\">\n                                <div class=\"hts-image-wrapper\">\n                                        <a href=\"https:\/\/blog.felipematos.net\/es\/asml-registra-pedidos-recordes-de-us-1585-bilhoes-enquanto-youtube-usa-ia-para-estimar-idade-e-freelancers-perdem-90-dos-clientes-por-que-estas-24-horas-revelam-a-colisao-entre-gastos-robu\/\" class=\"hts-featured-post-link\">\n                        <img decoding=\"async\" src=\"https:\/\/blog.felipematos.net\/wp-content\/uploads\/2026\/01\/25-cWa338S5OCfoDtF6t1_344f645e4bba4c25a28d86699458ca5f.png\" alt=\"presentado\">\n                    <\/a>\n                                                        <\/div>\n                <div class=\"hts-post-details\">\n                    <div class=\"hts-capsules\">\n                                                                                                                        <a href=\"https:\/\/blog.felipematos.net\/es\/category\/inteligencia-artificial\/\">\n                            <div>Inteligencia artificial<\/div>\n                        <\/a>\n                                                                                            <\/div>\n                    <a href=\"https:\/\/blog.felipematos.net\/es\/asml-registra-pedidos-recordes-de-us-1585-bilhoes-enquanto-youtube-usa-ia-para-estimar-idade-e-freelancers-perdem-90-dos-clientes-por-que-estas-24-horas-revelam-a-colisao-entre-gastos-robu\/\">\n                        <h3 class=\"hts-title\">ASML registra 15.850 millones de pedidos US$ mientras YouTube utiliza IA para estimar la edad y los aut\u00f3nomos pierden 90% de clientes - Por qu\u00e9 estas 24 horas revelan la colisi\u00f3n entre el gasto robusto y el impacto humano real.<\/h3>\n                    <\/a>\n                                        <p class=\"small\">28 de enero de 2026 | por Matos AI<\/p>\n                                    <\/div>\n            <\/div>\n                        <div class=\"hts-post\">\n                                <div class=\"hts-image-wrapper\">\n                                        <a href=\"https:\/\/blog.felipematos.net\/es\/ia-lidera-ranking-de-riscos-empresariais-no-brasil-enquanto-ibm-revela-que-80-dos-executivos-esperam-receita-sem-saber-de-onde-vira-por-que-estas-24-horas-expoem-a-lacuna-entre-ambicao-e-arq\/\" class=\"hts-featured-post-link\">\n                        <img decoding=\"async\" src=\"https:\/\/blog.felipematos.net\/wp-content\/uploads\/2026\/01\/ujOW9fXjBd9GvLSCpwK_ccf068d93cdc4c3392b2a1b07502c88d.png\" alt=\"presentado\">\n                    <\/a>\n                                                        <\/div>\n                <div class=\"hts-post-details\">\n                    <div class=\"hts-capsules\">\n                                                                                                                        <a href=\"https:\/\/blog.felipematos.net\/es\/category\/inteligencia-artificial\/\">\n                            <div>Inteligencia artificial<\/div>\n                        <\/a>\n                                                                                            <\/div>\n                    <a href=\"https:\/\/blog.felipematos.net\/es\/ia-lidera-ranking-de-riscos-empresariais-no-brasil-enquanto-ibm-revela-que-80-dos-executivos-esperam-receita-sem-saber-de-onde-vira-por-que-estas-24-horas-expoem-a-lacuna-entre-ambicao-e-arq\/\">\n                        <h3 class=\"hts-title\">La IA encabeza la clasificaci\u00f3n de riesgos empresariales de Brasil, mientras que IBM revela 80% Los ejecutivos esperan ingresos sin saber de d\u00f3nde vendr\u00e1n: por qu\u00e9 estas 24 horas dejan al descubierto la brecha entre la ambici\u00f3n y la arquitectura real<\/h3>\n                    <\/a>\n                                        <p class=\"small\">26 de enero de 2026 | por Matos AI<\/p>\n                                    <\/div>\n            <\/div>\n                        <div class=\"hts-post\">\n                                <div class=\"hts-image-wrapper\">\n                                        <a href=\"https:\/\/blog.felipematos.net\/es\/musk-preve-ia-mais-inteligente-que-toda-a-humanidade-em-2031-enquanto-judiciario-brasileiro-denuncia-clonagem-de-juiz-e-terceirizacao-da-cognicao-por-que-estas-24-horas-expoem-a-colisao\/\" class=\"hts-featured-post-link\">\n                        <img decoding=\"async\" src=\"https:\/\/blog.felipematos.net\/wp-content\/uploads\/2026\/01\/o4GuWIkxaIFKCna2P_dsg_c35644ae5e554099ac007a559ab0a9a5.png\" alt=\"presentado\">\n                    <\/a>\n                                                        <\/div>\n                <div class=\"hts-post-details\">\n                    <div class=\"hts-capsules\">\n                                                                                                                        <a href=\"https:\/\/blog.felipematos.net\/es\/category\/inteligencia-artificial\/\">\n                            <div>Inteligencia artificial<\/div>\n                        <\/a>\n                                                                                            <\/div>\n                    <a href=\"https:\/\/blog.felipematos.net\/es\/musk-preve-ia-mais-inteligente-que-toda-a-humanidade-em-2031-enquanto-judiciario-brasileiro-denuncia-clonagem-de-juiz-e-terceirizacao-da-cognicao-por-que-estas-24-horas-expoem-a-colisao\/\">\n                        <h3 class=\"hts-title\">Musk predice una IA m\u00e1s inteligente que toda la humanidad en 2031 mientras el poder judicial brasile\u00f1o denuncia la \u2018clonaci\u00f3n de jueces\u2019 y la externalizaci\u00f3n de la cognici\u00f3n - Por qu\u00e9 estas 24 horas exponen la colisi\u00f3n entre las promesas futuristas y el colapso institucional real<\/h3>\n                    <\/a>\n                                        <p class=\"small\">24 de enero de 2026 | por Matos AI<\/p>\n                                    <\/div>\n            <\/div>\n                        <div class=\"hts-post hts-large\">\n                                <div class=\"hts-image-wrapper\">\n                                        <a href=\"https:\/\/blog.felipematos.net\/es\/juiz-alerta-que-ia-alucina-em-70-dos-prompts-enquanto-brasil-lidera-adocao-na-america-latina-com-71-de-uso-por-que-estas-24-horas-revelam-a-tensao-entre-entusiasmo-nacional-e-os-limites\/\" class=\"hts-featured-post-link\">\n                        <img decoding=\"async\" src=\"https:\/\/blog.felipematos.net\/wp-content\/uploads\/2026\/01\/d9swzRqZJxipC8XmueDYF_4034b080b85b4129b936525ef25a9db2.png\" alt=\"presentado\">\n                    <\/a>\n                                                        <\/div>\n                <div class=\"hts-post-details\">\n                    <div class=\"hts-capsules\">\n                                                                                                                        <a href=\"https:\/\/blog.felipematos.net\/es\/category\/inteligencia-artificial\/\">\n                            <div>Inteligencia artificial<\/div>\n                        <\/a>\n                                                                                            <\/div>\n                    <a href=\"https:\/\/blog.felipematos.net\/es\/juiz-alerta-que-ia-alucina-em-70-dos-prompts-enquanto-brasil-lidera-adocao-na-america-latina-com-71-de-uso-por-que-estas-24-horas-revelam-a-tensao-entre-entusiasmo-nacional-e-os-limites\/\">\n                        <h3 class=\"hts-title\">Un juez advierte de que la IA \u2018alucina\u2019 en 70% de avisos mientras Brasil lidera la adopci\u00f3n latinoamericana con 71% de uso - Por qu\u00e9 estas 24 horas revelan la tensi\u00f3n entre el entusiasmo nacional y los l\u00edmites reales de la tecnolog\u00eda<\/h3>\n                    <\/a>\n                                        <p class=\"small\">23 de enero de 2026 | por Matos AI<\/p>\n                                    <\/div>\n            <\/div>\n                    <\/div>\n    <\/div>\n<\/section><section class=\"hts-section hts-newsletter\">\n\t<hr class=\"full\">\n\t<div class=\"wrapper\">\n\t<div>\n\t\t<h3 class=\"hts-title\">Hoja informativa<\/h3>\n\t\t<p>Suscr\u00edbete para mantenerte actualizado con mis \u00faltimos proyectos creativos, ideas y consejos.<\/p>\n\t<\/div>\n\t<div class=\"hts-newsletter-block\">\n\t\t<form action=\"\">\n\t\t\t<input type=\"hidden\" id=\"newsletter_nonce\" name=\"newsletter_nonce\" value=\"7b6d4cc663\" \/><input type=\"hidden\" name=\"_wp_http_referer\" value=\"\/es\/wp-json\/wp\/v2\/pages\/4\" \/>\t\t\t<label for=\"hts-newsletter-email\">Correo electr\u00f3nico<\/label>\n\t\t\t<input type=\"email\"\n\t\t\t       id=\"hts-newsletter-email\"\n\t\t\t       name=\"newsletter_email\"\n\t\t\t       placeholder=\"\u00bfCual es tu correo electr\u00f3nico?\">\n\t\t\t<div class=\"validate-message\"><\/div>\n\t\t\t<div class=\"hts-privacy-agree\">\n\t\t\t\t<label class=\"hts-form-control\">\n\t\t\t\t<input type=\"checkbox\" id=\"privacy-policy-checkbox\" name=\"privacy_policy\" required>\n\t\t\t\t<\/label>\n\t\t\t\t<span>\n\t\t\t\t\tDoy mi consentimiento para el uso de mi direcci\u00f3n de correo electr\u00f3nico con el fin de recibir boletines informativos como se describe en <a href=\"\" target=\"_blank\">pol\u00edtica de privacidad<\/a>, que he le\u00eddo. Puedo retirar mi consentimiento en cualquier momento.\t\t\t\t<\/span>\n\t\t\t<\/div>\n\t\t\t<input type=\"submit\" class=\"btn primary\" value=\"Suscribir\"\/>\n\t\t<input type=\"hidden\" name=\"trp-form-language\" value=\"es\"\/><\/form>\n\t<\/div>\n\t<\/div>\n<\/section>","protected":false},"excerpt":{"rendered":"","protected":false},"author":1,"featured_media":0,"parent":0,"menu_order":0,"comment_status":"closed","ping_status":"closed","template":"","meta":{"footnotes":""},"class_list":["post-4","page","type-page","status-publish","hentry"],"aioseo_notices":[],"_links":{"self":[{"href":"https:\/\/blog.felipematos.net\/es\/wp-json\/wp\/v2\/pages\/4","targetHints":{"allow":["GET"]}}],"collection":[{"href":"https:\/\/blog.felipematos.net\/es\/wp-json\/wp\/v2\/pages"}],"about":[{"href":"https:\/\/blog.felipematos.net\/es\/wp-json\/wp\/v2\/types\/page"}],"author":[{"embeddable":true,"href":"https:\/\/blog.felipematos.net\/es\/wp-json\/wp\/v2\/users\/1"}],"replies":[{"embeddable":true,"href":"https:\/\/blog.felipematos.net\/es\/wp-json\/wp\/v2\/comments?post=4"}],"version-history":[{"count":1,"href":"https:\/\/blog.felipematos.net\/es\/wp-json\/wp\/v2\/pages\/4\/revisions"}],"predecessor-version":[{"id":24,"href":"https:\/\/blog.felipematos.net\/es\/wp-json\/wp\/v2\/pages\/4\/revisions\/24"}],"wp:attachment":[{"href":"https:\/\/blog.felipematos.net\/es\/wp-json\/wp\/v2\/media?parent=4"}],"curies":[{"name":"wp","href":"https:\/\/api.w.org\/{rel}","templated":true}]}}